{"id":10,"date":"2022-01-22T12:51:28","date_gmt":"2022-01-22T11:51:28","guid":{"rendered":"https:\/\/www.fusspflege-inkwil.ch\/?page_id=10"},"modified":"2022-05-09T07:38:27","modified_gmt":"2022-05-09T05:38:27","slug":"angebot","status":"publish","type":"page","link":"https:\/\/www.fusspflege-inkwil.ch\/?page_id=10","title":{"rendered":"Angebote"},"content":{"rendered":"\n<p>Die aufgef\u00fchrten Angebote k\u00f6nnen auch individuell angepasst werden.<\/p>\n\n\n\n<div class=\"wp-block-columns alignwide is-layout-flex wp-container-core-columns-is-layout-9d6595d7 wp-block-columns-is-layout-flex\">\n<div class=\"wp-block-column has-nv-light-bg-background-color has-text-color has-background has-link-color wp-elements-6d0d07bea12a28e19b54e91d15176bcc is-layout-flow wp-block-column-is-layout-flow\" style=\"color:#000000;padding-top:2em;padding-right:2em;padding-bottom:2em;padding-left:2em\">\n<h3 class=\"wp-block-heading\" id=\"klassische-fusspflege\" style=\"font-size:30px\"><strong>Klassische<\/strong> Fusspflege<\/h3>\n\n\n\n<p class=\"has-normal-font-size\" style=\"line-height:1.5\"><strong>Dauer: ca. 1 Stunde<\/strong> <\/p>\n\n\n\n<hr class=\"wp-block-separator has-text-color has-background is-style-wide\" style=\"background-color:#000000;color:#000000\"\/>\n\n\n\n<ul class=\"has-normal-font-size wp-block-list\"><li>Fussbad, N\u00e4gel k\u00fcrzen und in Form bringen<\/li><li>Nagelfalz s\u00e4ubern &amp; Hornhaut entfernen<\/li><li>Fussmassage mit Salbe &amp; Finish mit Nagel\u00f6l<\/li><\/ul>\n\n\n\n<div style=\"height:15px\" aria-hidden=\"true\" class=\"wp-block-spacer\"><\/div>\n\n\n\n<div class=\"wp-block-buttons is-content-justification-center is-layout-flex wp-container-core-buttons-is-layout-16018d1d wp-block-buttons-is-layout-flex\">\n<div class=\"wp-block-button\"><a class=\"wp-block-button__link has-nv-site-bg-color has-nv-dark-bg-background-color has-text-color has-background\">CHF 55.00<\/a><\/div>\n<\/div>\n\n\n\n<ul class=\"wp-block-list\"><li>Fussn\u00e4gel lackieren mit exurbe Nagellack (85% pflanzlich, 10% Free)<\/li><\/ul>\n\n\n\n<div class=\"wp-block-buttons is-content-justification-center is-layout-flex wp-container-core-buttons-is-layout-16018d1d wp-block-buttons-is-layout-flex\">\n<div class=\"wp-block-button\"><a class=\"wp-block-button__link has-nv-site-bg-color has-nv-dark-bg-background-color has-text-color has-background\">CHF 8.00<\/a><\/div>\n<\/div>\n\n\n\n<div class=\"wp-block-buttons is-layout-flex wp-block-buttons-is-layout-flex\"><\/div>\n\n\n\n<ul class=\"wp-block-list\"><li>Fussn\u00e4gel lackieren (mit eigenem Nagellack)<\/li><\/ul>\n\n\n\n<div class=\"wp-block-buttons is-content-justification-center is-layout-flex wp-container-core-buttons-is-layout-16018d1d wp-block-buttons-is-layout-flex\">\n<div class=\"wp-block-button\"><a class=\"wp-block-button__link has-nv-site-bg-color has-nv-dark-bg-background-color has-text-color has-background\">CHF 5.00<\/a><\/div>\n<\/div>\n<\/div>\n\n\n\n<div class=\"wp-block-column has-nv-light-bg-background-color has-text-color has-background has-link-color wp-elements-c62faac13f59e3c17361f7c0876ca329 is-layout-flow wp-block-column-is-layout-flow\" style=\"color:#000000;padding-top:2em;padding-right:2em;padding-bottom:2em;padding-left:2em\">\n<h3 class=\"wp-block-heading\" id=\"teilbehandlung-der-fusse\" style=\"font-size:30px\"><strong>Teilbehandlung<\/strong> der F\u00fcsse<\/h3>\n\n\n\n<p class=\"has-normal-font-size\" style=\"line-height:1.5\"><strong>Dauer: ca. 35 Minuten<\/strong><\/p>\n\n\n\n<hr class=\"wp-block-separator is-style-wide\"\/>\n\n\n\n<ul class=\"has-normal-font-size wp-block-list\"><li>N\u00e4gel k\u00fcrzen und in Form bringen<\/li><li>Hornhaut entfernen<\/li><li>eincremen<\/li><\/ul>\n\n\n\n<div style=\"height:70px\" aria-hidden=\"true\" class=\"wp-block-spacer\"><\/div>\n\n\n\n<div class=\"wp-block-buttons is-content-justification-center is-layout-flex wp-container-core-buttons-is-layout-16018d1d wp-block-buttons-is-layout-flex\">\n<div class=\"wp-block-button\"><a class=\"wp-block-button__link has-nv-site-bg-color has-nv-dark-bg-background-color has-text-color has-background\">CHF 35.00<\/a><\/div>\n<\/div>\n<\/div>\n\n\n\n<div class=\"wp-block-column has-nv-light-bg-background-color has-text-color has-background has-link-color wp-elements-d9d4aeabcb4940cc975acb159ac1fa70 is-layout-flow wp-block-column-is-layout-flow\" style=\"color:#000000;padding-top:2em;padding-right:2em;padding-bottom:2em;padding-left:2em\">\n<h4 class=\"wp-block-heading\" id=\"erganzende-leistungen\" style=\"font-size:30px\"><strong>Fussreflexzonen Massage<\/strong><\/h4>\n\n\n\n<p class=\"has-normal-font-size\"><strong>Dauer: ca. 1 Stunde<\/strong><\/p>\n\n\n\n<hr class=\"wp-block-separator is-style-wide\"\/>\n\n\n\n<div style=\"height:25px\" aria-hidden=\"true\" class=\"wp-block-spacer\"><\/div>\n\n\n\n<p>Diese Massage wirkt auf den K\u00f6rper entspannend, mobilisiert die k\u00f6rpereigene Selbstheilung und st\u00e4rkt das Immunsystem.<\/p>\n\n\n\n<div style=\"height:80px\" aria-hidden=\"true\" class=\"wp-block-spacer\"><\/div>\n\n\n\n<div style=\"height:10px\" aria-hidden=\"true\" class=\"wp-block-spacer\"><\/div>\n\n\n\n<div class=\"wp-block-buttons is-content-justification-center is-layout-flex wp-container-core-buttons-is-layout-16018d1d wp-block-buttons-is-layout-flex\">\n<div class=\"wp-block-button\"><a class=\"wp-block-button__link has-nv-site-bg-color has-nv-dark-bg-background-color has-text-color has-background\">CHF 70.00<\/a><\/div>\n<\/div>\n\n\n\n<div style=\"height:10px\" aria-hidden=\"true\" class=\"wp-block-spacer\"><\/div>\n\n\n\n<div style=\"height:10px\" aria-hidden=\"true\" class=\"wp-block-spacer\"><\/div>\n\n\n\n<div class=\"wp-block-buttons is-content-justification-center is-layout-flex wp-container-core-buttons-is-layout-16018d1d wp-block-buttons-is-layout-flex\"><\/div>\n\n\n\n<div style=\"height:10px\" aria-hidden=\"true\" class=\"wp-block-spacer\"><\/div>\n\n\n\n<div class=\"wp-block-buttons alignfull is-horizontal is-content-justification-center is-layout-flex wp-container-core-buttons-is-layout-499968f5 wp-block-buttons-is-layout-flex\"><\/div>\n<\/div>\n\n\n\n<div class=\"wp-block-column has-nv-light-bg-background-color has-text-color has-background has-link-color wp-elements-0472011caa3f30067803a61a668f6339 is-layout-flow wp-block-column-is-layout-flow\" style=\"color:#000000;padding-top:2em;padding-right:2em;padding-bottom:2em;padding-left:2em\">\n<h4 class=\"wp-block-heading\" id=\"erganzende-leistungen\" style=\"font-size:30px\"><strong>Wellness-Programm<\/strong><\/h4>\n\n\n\n<p class=\"has-normal-font-size\"><strong>Dauer: ca. 1 Stunde 35 Minuten<\/strong><\/p>\n\n\n\n<hr class=\"wp-block-separator is-style-wide\"\/>\n\n\n\n<ul class=\"has-normal-font-size wp-block-list\"><li>Kosmetische Fusspflege mit Peeling<\/li><li>Fussreflexzonen-Massage<\/li><li>Fussn\u00e4gel lackieren<\/li><\/ul>\n\n\n\n<div style=\"height:65px\" aria-hidden=\"true\" class=\"wp-block-spacer\"><\/div>\n\n\n\n<div class=\"wp-block-buttons is-content-justification-center is-layout-flex wp-container-core-buttons-is-layout-16018d1d wp-block-buttons-is-layout-flex\">\n<div class=\"wp-block-button\"><a class=\"wp-block-button__link has-nv-site-bg-color has-nv-dark-bg-background-color has-text-color has-background\">CHF 120.00<\/a><\/div>\n<\/div>\n\n\n\n<div style=\"height:10px\" aria-hidden=\"true\" class=\"wp-block-spacer\"><\/div>\n\n\n\n<div style=\"height:10px\" aria-hidden=\"true\" class=\"wp-block-spacer\"><\/div>\n\n\n\n<div class=\"wp-block-buttons is-content-justification-center is-layout-flex wp-container-core-buttons-is-layout-16018d1d wp-block-buttons-is-layout-flex\"><\/div>\n\n\n\n<div class=\"wp-block-buttons alignfull is-horizontal is-content-justification-center is-layout-flex wp-container-core-buttons-is-layout-499968f5 wp-block-buttons-is-layout-flex\"><\/div>\n<\/div>\n<\/div>\n\n\n\n<p class=\"has-text-align-left\">Zahlungsm\u00f6glickeiten: Barzahlung, Twint. Alle Anwendungen sind auch in Form von Gutscheinen erh\u00e4ltlich.<\/p>\n\n\n\n<p>&nbsp;&nbsp;&nbsp;&nbsp;&nbsp;&nbsp;&nbsp;&nbsp;&nbsp;&nbsp;&nbsp;&nbsp;&nbsp;&nbsp;&nbsp;&nbsp;&nbsp;&nbsp;&nbsp;&nbsp;&nbsp;&nbsp;&nbsp;&nbsp;&nbsp;&nbsp;&nbsp; <\/p>\n","protected":false},"excerpt":{"rendered":"<p>Die aufgef\u00fchrten Angebote k\u00f6nnen auch individuell angepasst werden. Klassische Fusspflege Dauer: ca. 1 Stunde Fussbad, N\u00e4gel k\u00fcrzen und in Form bringen Nagelfalz s\u00e4ubern &amp; Hornhaut entfernen Fussmassage mit Salbe &amp; Finish mit Nagel\u00f6l Fussn\u00e4gel lackieren mit exurbe Nagellack (85% pflanzlich, 10% Free) Fussn\u00e4gel lackieren (mit eigenem Nagellack) Teilbehandlung der F\u00fcsse Dauer: ca. 35 Minuten N\u00e4gel&hellip;&nbsp;<a href=\"https:\/\/www.fusspflege-inkwil.ch\/?page_id=10\" rel=\"bookmark\">Weiterlesen &raquo;<span class=\"screen-reader-text\">Angebote<\/span><\/a><\/p>\n","protected":false},"author":1,"featured_media":0,"parent":0,"menu_order":0,"comment_status":"closed","ping_status":"closed","template":"","meta":{"neve_meta_sidebar":"","neve_meta_container":"","neve_meta_enable_content_width":"","neve_meta_content_width":0,"neve_meta_title_alignment":"","neve_meta_author_avatar":"","neve_post_elements_order":"","neve_meta_disable_header":"","neve_meta_disable_footer":"","neve_meta_disable_title":"","ngg_post_thumbnail":0,"footnotes":""},"class_list":["post-10","page","type-page","status-publish","hentry"],"_links":{"self":[{"href":"https:\/\/www.fusspflege-inkwil.ch\/index.php?rest_route=\/wp\/v2\/pages\/10","targetHints":{"allow":["GET"]}}],"collection":[{"href":"https:\/\/www.fusspflege-inkwil.ch\/index.php?rest_route=\/wp\/v2\/pages"}],"about":[{"href":"https:\/\/www.fusspflege-inkwil.ch\/index.php?rest_route=\/wp\/v2\/types\/page"}],"author":[{"embeddable":true,"href":"https:\/\/www.fusspflege-inkwil.ch\/index.php?rest_route=\/wp\/v2\/users\/1"}],"replies":[{"embeddable":true,"href":"https:\/\/www.fusspflege-inkwil.ch\/index.php?rest_route=%2Fwp%2Fv2%2Fcomments&post=10"}],"version-history":[{"count":54,"href":"https:\/\/www.fusspflege-inkwil.ch\/index.php?rest_route=\/wp\/v2\/pages\/10\/revisions"}],"predecessor-version":[{"id":644,"href":"https:\/\/www.fusspflege-inkwil.ch\/index.php?rest_route=\/wp\/v2\/pages\/10\/revisions\/644"}],"wp:attachment":[{"href":"https:\/\/www.fusspflege-inkwil.ch\/index.php?rest_route=%2Fwp%2Fv2%2Fmedia&parent=10"}],"curies":[{"name":"wp","href":"https:\/\/api.w.org\/{rel}","templated":true}]}}